{"id":25,"date":"2013-06-03T16:56:55","date_gmt":"2013-06-03T16:56:55","guid":{"rendered":"http:\/\/cofestival.si\/2015\/?page_id=25"},"modified":"2015-11-12T11:38:27","modified_gmt":"2015-11-12T11:38:27","slug":"vstopnice","status":"publish","type":"page","link":"https:\/\/www.cofestival.si\/2015\/vstopnice\/","title":{"rendered":"Vstopnice"},"content":{"rendered":"<strong>Nakup vstopnic:<\/strong><br \/>\n<a href=\"http:\/\/www.eventim.si\/si\/isci\/?search_string=cofestival\">www.eventim.si<\/a> in na vseh prodajnih mestih Eventima.<\/p>\n<p><a href=\"http:\/\/www.eventim.si\/si\/isci\/?search_string=cofestival\"><img loading=\"lazy\" decoding=\"async\" class=\"alignnone wp-image-310\" src=\"http:\/\/www.cofestival.si\/2015\/wp-content\/uploads\/sites\/6\/2013\/06\/eventim.png\" alt=\"eventim\" width=\"159\" height=\"98\" \/><\/a><\/p>\n<p>Blagajna Kina \u0160i\u0161ka je odprta od ponedeljka do petka od 15. do 20. ure. Na dan dogodka se odpre uro prej.<br \/>\nM: 030 310 110;<br \/>\nT: 01 500 3000<\/p>\n<p>Blagajna na drugih prizori\u0161\u010d\u008dih je odprta uro pred predstavo.<\/p>\n<p><strong>Popusti:<\/strong><br \/>\n<em>Dijaki, \u0161tudentje, upokojenci, registrirane brezposelne osebe, registrirane samozaposlene osebe na podro\u010d\u008dju kulture in medijev, z veljavnim dokazilom o svojem statusu ter skupine nad 5 oseb, imajo 20% popust pri nakupu vstopnic v predprodaji (ne na dan dogodka) v Kinu \u0160i\u0161ka.\u00c2\u00a0Morebitni popusti se ne se\u0161tevajo. Otroci do 6. leta imajo vstop prost. Za gibalno in senzorno ovirane osebe je vstopnica brezpla\u010d\u008dna. Prost vstop pripada tudi enemu (1) spremljevalcu.<\/em><\/p>\n<p>&nbsp;<\/p>\n<p><strong>Vstopnice za predstavo Drame Princes v Slovenskem Mladinskem gledali\u0161\u010du:<\/strong><br \/>\nProdajna galerija SMG \/ Mladinsko Theatre main box office (Trg francoske revolucije 5, Ljubljana). Odprto vsak delavnik 12:00\u201317:30 in\u00a0Sobota 10:00\u201313:00.<br \/>\nT: +386 (0)1 425 33 12<\/p>\n<p>Uro pred za\u010detkom predstav pri blagajni gledali\u0161\u010da, v katerem je predstava\u00a0(T: +386 (0)1 3004 902).<\/p>\n<p>Prek spleta:\u00a0<a href=\"http:\/\/www.mladinsko.com\">www.mladinsko.com<\/a>","protected":false},"excerpt":{"rendered":"<p>Nakup vstopnic: www.eventim.si in na vseh prodajnih mestih Eventima. Blagajna Kina \u0160i\u0161ka je odprta od ponedeljka do petka od 15. do 20. ure. Na dan dogodka se odpre uro prej. M: 030 310 110; T: 01 500 3000 Blagajna na drugih prizori\u0161\u010d\u008dih je odprta uro pred predstavo. Popusti: Dijaki, \u0161tudentje, upokojenci, registrirane brezposelne osebe, registrirane [&hellip;]<\/p>\n","protected":false},"author":1,"featured_media":0,"parent":0,"menu_order":6,"comment_status":"open","ping_status":"open","template":"","meta":{"footnotes":""},"class_list":["post-25","page","type-page","status-publish","hentry"],"_links":{"self":[{"href":"https:\/\/www.cofestival.si\/2015\/wp-json\/wp\/v2\/pages\/25","targetHints":{"allow":["GET"]}}],"collection":[{"href":"https:\/\/www.cofestival.si\/2015\/wp-json\/wp\/v2\/pages"}],"about":[{"href":"https:\/\/www.cofestival.si\/2015\/wp-json\/wp\/v2\/types\/page"}],"author":[{"embeddable":true,"href":"https:\/\/www.cofestival.si\/2015\/wp-json\/wp\/v2\/users\/1"}],"replies":[{"embeddable":true,"href":"https:\/\/www.cofestival.si\/2015\/wp-json\/wp\/v2\/comments?post=25"}],"version-history":[{"count":0,"href":"https:\/\/www.cofestival.si\/2015\/wp-json\/wp\/v2\/pages\/25\/revisions"}],"wp:attachment":[{"href":"https:\/\/www.cofestival.si\/2015\/wp-json\/wp\/v2\/media?parent=25"}],"curies":[{"name":"wp","href":"https:\/\/api.w.org\/{rel}","templated":true}]}}