{"id":224,"date":"2012-05-09T23:21:56","date_gmt":"2012-05-09T22:21:56","guid":{"rendered":"http:\/\/www.cofestival.si\/?page_id=224"},"modified":"2012-05-19T14:21:26","modified_gmt":"2012-05-19T13:21:26","slug":"skupina-maskinega-seminarja","status":"publish","type":"page","link":"https:\/\/www.cofestival.si\/2012\/?page_id=224","title":{"rendered":"Skupina maskinega seminarja"},"content":{"rendered":"<p><a href=\"http:\/\/www.cofestival.si\/blog\/category\/srecanje\/\">sre\u010danja<\/a><\/p>\n<p>4.6.<br \/>\n5.6.<br \/>\n7.6.<br \/>\n<a title=\"Kino \u0160i\u0161ka\" href=\"http:\/\/www.cofestival.si\/prostori\/kino-siska-2\/\">Kino \u0160i\u0161ka<\/a><\/p>\n<p>Udele\u017eenci Maskinega Seminarja, od oktobra 2011 raziskujejo topiko \u010dasa. Kako dojemamo \u010das? Kako ga porabimo? Koliko ga zapravimo? Kdaj smo zares v trenutku? Na CoFestivalu bodo podelili izku\u0161nje, materiale, umetni\u0161ke projekte, ki se ukvarjajo s \u010dasom.<\/p>\n<p>Festival <a title=\"Pleskavica\" href=\"http:\/\/www.cofestival.si\/pleskavica\/\">Pleskavica <\/a>v sodelovanju z <a href=\"http:\/\/www.maska.si\">Masko<\/a><\/p>\n","protected":false},"excerpt":{"rendered":"<p>sre\u010danja 4.6. 5.6. 7.6. Kino \u0160i\u0161ka Udele\u017eenci Maskinega Seminarja, od oktobra 2011 raziskujejo topiko \u010dasa. Kako dojemamo \u010das? Kako ga porabimo? Koliko ga zapravimo? Kdaj smo zares v trenutku? Na CoFestivalu bodo podelili izku\u0161nje, materiale, umetni\u0161ke projekte, ki se ukvarjajo s \u010dasom. Festival Pleskavica v sodelovanju z Masko<\/p>\n","protected":false},"author":1,"featured_media":0,"parent":0,"menu_order":0,"comment_status":"open","ping_status":"open","template":"","meta":{"footnotes":""},"class_list":["post-224","page","type-page","status-publish","hentry"],"_links":{"self":[{"href":"https:\/\/www.cofestival.si\/2012\/index.php?rest_route=\/wp\/v2\/pages\/224","targetHints":{"allow":["GET"]}}],"collection":[{"href":"https:\/\/www.cofestival.si\/2012\/index.php?rest_route=\/wp\/v2\/pages"}],"about":[{"href":"https:\/\/www.cofestival.si\/2012\/index.php?rest_route=\/wp\/v2\/types\/page"}],"author":[{"embeddable":true,"href":"https:\/\/www.cofestival.si\/2012\/index.php?rest_route=\/wp\/v2\/users\/1"}],"replies":[{"embeddable":true,"href":"https:\/\/www.cofestival.si\/2012\/index.php?rest_route=%2Fwp%2Fv2%2Fcomments&post=224"}],"version-history":[{"count":0,"href":"https:\/\/www.cofestival.si\/2012\/index.php?rest_route=\/wp\/v2\/pages\/224\/revisions"}],"wp:attachment":[{"href":"https:\/\/www.cofestival.si\/2012\/index.php?rest_route=%2Fwp%2Fv2%2Fmedia&parent=224"}],"curies":[{"name":"wp","href":"https:\/\/api.w.org\/{rel}","templated":true}]}}