{"id":188,"date":"2012-05-09T06:57:41","date_gmt":"2012-05-09T05:57:41","guid":{"rendered":"http:\/\/www.cofestival.si\/?page_id=188"},"modified":"2012-05-21T21:31:32","modified_gmt":"2012-05-21T20:31:32","slug":"mapiranje-mesta","status":"publish","type":"page","link":"https:\/\/www.cofestival.si\/2012\/?page_id=188","title":{"rendered":"Mapiranje mesta"},"content":{"rendered":"<p>sklop ready-made <a href=\"http:\/\/www.cofestival.si\/blog\/category\/predstava\/\">predstav<\/a> z javnim <a href=\"http:\/\/www.cofestival.si\/blog\/category\/pogovor\/\">pogovorom<\/a><br \/>\n<a title=\"Dejan Srhoj\" href=\"http:\/\/www.cofestival.si\/dejan-srhoj\/\"> Dejan Srhoj<\/a><\/p>\n<p><a title=\"Program\" href=\"http:\/\/www.cofestival.si\/program\/\">od 20. maja do 2. junija<\/a><br \/>\nMapiranje po Ljubljani<\/p>\n<p><a title=\"2.6.\" href=\"http:\/\/www.cofestival.si\/2-6\/\">2.6.<\/a> ob 20.30<br \/>\nPogovor v <a title=\"Plesni teater Ljubljana\" href=\"http:\/\/www.cofestival.si\/plesni-teater-ljubljana\/\">Plesnem teatru Ljubljana<\/a><\/p>\n<p>Mapiranje je projekt, ki vsakdanje gibanje, zvoke, pogovore in predmete v mestu dojema kot ready made dogodke. Na ta na\u010din vsak dogodek postane zgodba to\u010dno dolo\u010dene to\u010dke v mestu v natan\u010dno odmerjenem \u010dasu. To je na\u010din prisvajanja mesta, ki je vedno izmuzljivo, nerazumljivo in vedno tam, kjer te ni.<\/p>\n<p>Festival <a title=\"Ukrep\" href=\"http:\/\/www.cofestival.si\/ukrep\/\">Ukrep<\/a><\/p>\n","protected":false},"excerpt":{"rendered":"<p>sklop ready-made predstav z javnim pogovorom Dejan Srhoj od 20. maja do 2. junija Mapiranje po Ljubljani 2.6. ob 20.30 Pogovor v Plesnem teatru Ljubljana Mapiranje je projekt, ki vsakdanje gibanje, zvoke, pogovore in predmete v mestu dojema kot ready made dogodke. Na ta na\u010din vsak dogodek postane zgodba to\u010dno dolo\u010dene to\u010dke v mestu v &hellip; <a href=\"https:\/\/www.cofestival.si\/2012\/?page_id=188\" class=\"more-link\">Continue reading <span class=\"screen-reader-text\">Mapiranje mesta<\/span> <span class=\"meta-nav\">&rarr;<\/span><\/a><\/p>\n","protected":false},"author":1,"featured_media":0,"parent":0,"menu_order":0,"comment_status":"open","ping_status":"open","template":"","meta":{"footnotes":""},"class_list":["post-188","page","type-page","status-publish","hentry"],"_links":{"self":[{"href":"https:\/\/www.cofestival.si\/2012\/index.php?rest_route=\/wp\/v2\/pages\/188","targetHints":{"allow":["GET"]}}],"collection":[{"href":"https:\/\/www.cofestival.si\/2012\/index.php?rest_route=\/wp\/v2\/pages"}],"about":[{"href":"https:\/\/www.cofestival.si\/2012\/index.php?rest_route=\/wp\/v2\/types\/page"}],"author":[{"embeddable":true,"href":"https:\/\/www.cofestival.si\/2012\/index.php?rest_route=\/wp\/v2\/users\/1"}],"replies":[{"embeddable":true,"href":"https:\/\/www.cofestival.si\/2012\/index.php?rest_route=%2Fwp%2Fv2%2Fcomments&post=188"}],"version-history":[{"count":0,"href":"https:\/\/www.cofestival.si\/2012\/index.php?rest_route=\/wp\/v2\/pages\/188\/revisions"}],"wp:attachment":[{"href":"https:\/\/www.cofestival.si\/2012\/index.php?rest_route=%2Fwp%2Fv2%2Fmedia&parent=188"}],"curies":[{"name":"wp","href":"https:\/\/api.w.org\/{rel}","templated":true}]}}