{"id":25,"date":"2013-06-03T16:56:55","date_gmt":"2013-06-03T16:56:55","guid":{"rendered":"http:\/\/cofestival.si\/cofestival-2\/?page_id=25"},"modified":"2018-11-09T08:22:54","modified_gmt":"2018-11-09T08:22:54","slug":"vstopnice","status":"publish","type":"page","link":"http:\/\/www.cofestival.si\/2018\/vstopnice\/","title":{"rendered":"Vstopnice"},"content":{"rendered":"Vstopnice na voljo prek <a href=\"http:\/\/www.mojekarte.si\/\">www.mojekarte.si<\/a>\u00a0in <a href=\"http:\/\/www.kinosiska.si\">www.kinosiska.si<\/a>.<\/p>\n<p><a href=\"https:\/\/kinosiska.mojekarte.si\/si\/festivalska-vstopnica-festival-pass-cofestival\/vstopnice-1112392.html\"><strong>Festivalska vstopnica:<\/strong>\u00a030 eur<\/a><\/p>\n<p><strong>Vstopnica za posamezno predstavo:<\/strong> 7 eur predprodaja\/9 eur na dan dogodka, razen kjer navedeno druga\u010de. Spremljevalni program brezpla\u010den, razen kjer navedeno druga\u010de.<\/p>\n<p>Blagajna Kina \u0160i\u0161ka je odprta od ponedeljka do petka od 15. do 20. ure. Na dan dogodka se odpre uro prej. M: 030 310 110; T: 01 500 3000<br \/>\nBlagajna na drugih prizori\u0161\u010dih je odprta uro pred predstavo.<\/p>\n<p><strong>Popusti:<\/strong><br \/>\nDijaki, \u0161tudentje, upokojenci, registrirane brezposelne osebe, registrirane samozaposlene osebe na podro\u010dju kulture in medijev, z veljavnim dokazilom o svojem statusu ter skupine nad 5 oseb, imajo 20% popust pri nakupu vstopnic v predprodaji (ne na dan dogodka) v Kinu \u0160i\u0161ka.\u00a0Morebitni popusti se ne se\u0161tevajo. Otroci do 6. leta imajo vstop prost. Za gibalno in senzorno ovirane osebe je vstopnica brezpla\u010dna. Prost vstop pripada tudi enemu (1) spremljevalcu.<\/p>\n<p><strong>Informacije \/ Information: <\/strong><\/p>\n<p>info@cofestival.si<\/p>\n<p><strong>Dodatne informacije \/ Additional information<\/strong>:<\/p>\n<p><a href=\"http:\/\/www.cofestival.si\/\">www.cofestival.si<\/a><br \/>\n<a href=\"http:\/\/www.cofestival.si\/2015\/test\/www.kinosiska.si\">www.kinosiska.si<\/a><br \/>\n<a href=\"http:\/\/www.cofestival.si\/2015\/test\/www.nomaddanceacademy.org\">www.nomaddanceacademy.org<\/a>","protected":false},"excerpt":{"rendered":"<p>Vstopnice na voljo prek www.mojekarte.si\u00a0in www.kinosiska.si. Festivalska vstopnica:\u00a030 eur Vstopnica za posamezno predstavo: 7 eur predprodaja\/9 eur na dan dogodka, razen kjer navedeno druga\u010de. Spremljevalni program brezpla\u010den, razen kjer navedeno druga\u010de. Blagajna Kina \u0160i\u0161ka je odprta od ponedeljka do petka od 15. do 20. ure. Na dan dogodka se odpre uro prej. M: 030 310 [&hellip;]<\/p>\n","protected":false},"author":1,"featured_media":0,"parent":0,"menu_order":6,"comment_status":"open","ping_status":"open","template":"","meta":{"footnotes":""},"class_list":["post-25","page","type-page","status-publish","hentry"],"_links":{"self":[{"href":"http:\/\/www.cofestival.si\/2018\/wp-json\/wp\/v2\/pages\/25","targetHints":{"allow":["GET"]}}],"collection":[{"href":"http:\/\/www.cofestival.si\/2018\/wp-json\/wp\/v2\/pages"}],"about":[{"href":"http:\/\/www.cofestival.si\/2018\/wp-json\/wp\/v2\/types\/page"}],"author":[{"embeddable":true,"href":"http:\/\/www.cofestival.si\/2018\/wp-json\/wp\/v2\/users\/1"}],"replies":[{"embeddable":true,"href":"http:\/\/www.cofestival.si\/2018\/wp-json\/wp\/v2\/comments?post=25"}],"version-history":[{"count":0,"href":"http:\/\/www.cofestival.si\/2018\/wp-json\/wp\/v2\/pages\/25\/revisions"}],"wp:attachment":[{"href":"http:\/\/www.cofestival.si\/2018\/wp-json\/wp\/v2\/media?parent=25"}],"curies":[{"name":"wp","href":"https:\/\/api.w.org\/{rel}","templated":true}]}}