{"id":23,"date":"2013-06-03T16:56:44","date_gmt":"2013-06-03T16:56:44","guid":{"rendered":"http:\/\/cofestival.si\/cofestival-2\/?page_id=23"},"modified":"2018-11-07T14:06:26","modified_gmt":"2018-11-07T14:06:26","slug":"prizorisca","status":"publish","type":"page","link":"http:\/\/www.cofestival.si\/2018\/prizorisca\/","title":{"rendered":"Prizori\u0161\u010da"},"content":{"rendered":"<p>Zagreb:<\/p>\n<p>Hi\u0161a Vjecenslava Rihterja, Vrhovec<\/p>\n<p><a href=\"https:\/\/www.google.com\/maps\/place\/Croatian+National+Theatre+in+Zagreb\/@45.8093983,15.9678524,17z\/data=!3m1!4b1!4m5!3m4!1s0x4765d6fb532390a7:0x9ee647b20027ba22!8m2!3d45.8093983!4d15.9700411\">Hrvatsko narodno kazali\u0161te, Zagreb, Trg Republike Hrvatske 15<\/a><\/p>\n<p>&nbsp;<\/p>\n<p>Ljubljana:<\/p>\n<p><a href=\"https:\/\/www.google.com\/maps\/place\/Kino+%C5%A0i%C5%A1ka\/@46.0689316,14.4869246,17z\/data=!3m1!4b1!4m5!3m4!1s0x476532b1175d80cf:0x2be428343fdb306!8m2!3d46.0689316!4d14.4891133\">Center urbane kulture Kino \u0160i\u0161ka, Trg prekomorskih brigad 3<\/a><\/p>\n<p><a href=\"https:\/\/www.google.com\/maps\/place\/Lutkovno+gledali%C5%A1%C4%8De+Ljubljana\/@46.0502092,14.5079535,17z\/data=!3m1!4b1!4m5!3m4!1s0x47652d7cd1270f0d:0x346a6d7cb0611f89!8m2!3d46.0502092!4d14.5101422\">Lutkovno gledali\u0161\u010de Ljubljana, Krekov trg 2<\/a><\/p>\n<p><a href=\"https:\/\/www.google.com\/maps\/place\/Museum+of+Contemporary+Art+Metelkova+%7C+%2BMSUM\/@46.055707,14.5148438,17z\/data=!3m1!4b1!4m5!3m4!1s0x47653283bc8a6f2b:0x41bd17112d62b37d!8m2!3d46.055707!4d14.5170325\">Muzej sodobne umetnosti Metelkova, Maistrova ulica 3<\/a><\/p>\n<p><a href=\"https:\/\/www.google.com\/maps\/place\/Stara+mestna+elektrarna+-+Elektro+Ljubljana\/@46.0553533,14.5105603,17z\/data=!3m1!4b1!4m5!3m4!1s0x476532832a8a8f7f:0xe1a620b3fa13b372!8m2!3d46.0553533!4d14.512749\">Stara mestna elektrarna \u2013 Elektro Ljubljana, Slom\u0161kova 18<\/a><\/p>\n<p><a href=\"https:\/\/www.google.com\/maps\/place\/Spanish+fighters\/@46.056433,14.5332683,17z\/data=!3m1!4b1!4m5!3m4!1s0x4765327bb056b9db:0x376bfb4a3968707c!8m2!3d46.056433!4d14.535457\">\u0160panski Borci, Zalo\u0161ka cesta 61<\/a><\/p>\n<p><a href=\"https:\/\/www.google.com\/maps\/place\/Aksioma+zavod+za+sodobne+umetnosti,+Ljubljana\/@46.0534708,14.5080477,17z\/data=!3m1!4b1!4m5!3m4!1s0x4765329022dbfecb:0x81e6d7bef78691f4!8m2!3d46.0534708!4d14.5102364\">Projektni prostor Aksioma, Komenskega 18<\/a><\/p>\n<p><a href=\"https:\/\/www.google.com\/maps\/place\/The+Mladinsko+Theatre\/@46.0610872,14.50774,17z\/data=!3m1!4b1!4m5!3m4!1s0x4765329bdb4b00ff:0xb87436aaae8e106f!8m2!3d46.0610872!4d14.5099287\">Slovensko mladinsko gledali\u0161\u010de, Vilharjeva 11<\/a><\/p>\n","protected":false},"excerpt":{"rendered":"<p>Zagreb: Hi\u0161a Vjecenslava Rihterja, Vrhovec Hrvatsko narodno kazali\u0161te, Zagreb, Trg Republike Hrvatske 15 &nbsp; Ljubljana: Center urbane kulture Kino \u0160i\u0161ka, Trg prekomorskih brigad 3 Lutkovno gledali\u0161\u010de Ljubljana, Krekov trg 2 Muzej sodobne umetnosti Metelkova, Maistrova ulica 3 Stara mestna elektrarna \u2013 Elektro Ljubljana, Slom\u0161kova 18 \u0160panski Borci, Zalo\u0161ka cesta 61 Projektni prostor Aksioma, Komenskega 18 [&hellip;]<\/p>\n","protected":false},"author":1,"featured_media":0,"parent":0,"menu_order":5,"comment_status":"open","ping_status":"open","template":"","meta":{"footnotes":""},"class_list":["post-23","page","type-page","status-publish","hentry"],"_links":{"self":[{"href":"http:\/\/www.cofestival.si\/2018\/wp-json\/wp\/v2\/pages\/23","targetHints":{"allow":["GET"]}}],"collection":[{"href":"http:\/\/www.cofestival.si\/2018\/wp-json\/wp\/v2\/pages"}],"about":[{"href":"http:\/\/www.cofestival.si\/2018\/wp-json\/wp\/v2\/types\/page"}],"author":[{"embeddable":true,"href":"http:\/\/www.cofestival.si\/2018\/wp-json\/wp\/v2\/users\/1"}],"replies":[{"embeddable":true,"href":"http:\/\/www.cofestival.si\/2018\/wp-json\/wp\/v2\/comments?post=23"}],"version-history":[{"count":0,"href":"http:\/\/www.cofestival.si\/2018\/wp-json\/wp\/v2\/pages\/23\/revisions"}],"wp:attachment":[{"href":"http:\/\/www.cofestival.si\/2018\/wp-json\/wp\/v2\/media?parent=23"}],"curies":[{"name":"wp","href":"https:\/\/api.w.org\/{rel}","templated":true}]}}