{"id":1216,"date":"2015-10-22T16:40:06","date_gmt":"2015-10-22T16:40:06","guid":{"rendered":"http:\/\/www.cofestival.si\/cofestival-2\/?page_id=1216"},"modified":"2018-11-25T19:21:17","modified_gmt":"2018-11-25T19:21:17","slug":"program-nov","status":"publish","type":"page","link":"http:\/\/www.cofestival.si\/2018\/program-nov\/","title":{"rendered":"Program 2018"},"content":{"rendered":"<div class=\"row\">\n<div class=\"span6 offset1\">\n<div class=\"where\">\n<div class=\"weirddate\">sobota, 17. 11. 2018<\/div>\n<p>ob 16.00 \u2013 18.00, Zagreb, Hi\u0161a Vjekoslava Rihterja:<br \/>\n<a href=\"http:\/\/www.cofestival.si\/2018\/badco-izkop-the-foundation-pit-2018-predstava-razstava\/\"><strong>BADco.: Izkop (The Foundation Pit, 2018)<\/strong>, predstava\/razstava<\/a><br \/>\nob 21.30 Zagreb, HNK:<br \/>\n<a href=\"http:\/\/www.cofestival.si\/2018\/badco-popravki-ritma-correcting-rhythm-2017-plesno-gledaliska-predstava\/\"><strong>BADco.: Poprave ritma (Correcting Rhythm, 2017)<\/strong>, plesno-gledali\u0161ka predstava<\/a><\/p>\n<div class=\"weirddate\">petek, 23. 11. 2018<\/div>\n<p>ob 20.00, Kino \u0160i\u0161ka, Katedrala \u2013 otvoritev CoFestivala<br \/>\n<a href=\"http:\/\/www.cofestival.si\/2018\/christos-papadopoulos-opus-2016-plesna-predstava\/\"><strong>Christos Papadopoulos: Opus (2016)<\/strong>, plesna predstava<\/a><\/p>\n<p>ob 22.00, Kino \u0160i\u0161ka, Komuna<br \/>\n<a href=\"http:\/\/www.cofestival.si\/2018\/ana-dubljevic-darja-janosevic-marko-milic-koreoerotikon-2016-plesna-predstava\/\"><strong>Ana Dubljevi\u0107, Darja Jano\u0161evi\u0107 in Marko Mili\u0107: Koreoerotikon (Choreoeroticon, 2016)<\/strong>, plesna predstava<\/a><\/p>\n<p>23.11.\u201328.11., Kino \u0160i\u0161ka, preddverje<br \/>\n<a href=\"http:\/\/www.cofestival.si\/2018\/badco-casovne-bombe-time-bombs-2018-instalacija\/\"><strong>BADco.: \u010casovne bombe (Time Bombs, 2018)<\/strong>, instalacija<\/a><\/p>\n<p>23.11.\u201328.11., Kino \u0160i\u0161ka, Kamera<br \/>\n<a href=\"http:\/\/www.cofestival.si\/2018\/dejan-srhoj-robot-nao-nao-the-robot-2017-predstava\/\"><strong>Dejan Srhoj: Robot Nao (Nao, the Robot, 2017)<\/strong>, predstava<\/a><br \/>\nPredstava bo vsako polno uro med 12.00 in 20.00, oziroma pol ure pred pri\u010detkom predstav v Kinu \u0160i\u0161ka<\/p>\n<div class=\"weirddate\">sobota, 24. 11. 2018<\/div>\n<p>ob 17.00, LGL &#8211; preddverje<br \/>\n<strong>Rok Vevar: Koreografski opus Lucinde Childs in njegov umetni\u0161ki kontekst (The Works of Lucinda Childs and Their Artistic Context)<\/strong>, predavanje, prost vstop<br \/>\n<strong>Marko Jenko: Minimalizem in neokonstruktivizem v slovenskem kiparstvu (Minimalism and Neo-constructivism in Modern Slovene Sculpture)<\/strong>, predavanje, prost vstop<\/p>\n<p>ob 19.00, LGL, Oder pod zvezdami<br \/>\n<a href=\"http:\/\/www.cofestival.si\/2018\/4083-2\/\"><strong>Lucinda Childs: Zgodnja dela (Early Works 1963 &#8211; 1978)<\/strong><\/a><br \/>\nRekonstrukcija in izvedba: Ruth Childs s skupino<br \/>\n<a href=\"http:\/\/www.cofestival.si\/2018\/4083-2\/\"><strong>Bomba\u017eni preplet (Calico Mingling, 1973)<\/strong>, plesni kvartet,<\/a><br \/>\n<a href=\"http:\/\/www.cofestival.si\/2018\/4083-2\/\"><strong>Katema (1978)<\/strong>, plesni solo,<\/a><br \/>\n<a href=\"http:\/\/www.cofestival.si\/2018\/4083-2\/\"><strong>Rondo vznak (Reclining Rondo, 1975)<\/strong>, plesni trio,<\/a><br \/>\n<a href=\"http:\/\/www.cofestival.si\/2018\/4083-2\/\"><strong>Poseben kolut (Particular Reel, 1973)<\/strong>, plesni solo<\/a><\/p>\n<p>ob 21.00, Kino \u0160i\u0161ka, Komuna<br \/>\n<a href=\"http:\/\/www.cofestival.si\/2018\/marko-milic-lumi-2016-intermedijska-performativna-predstava\/\"><strong>Marko Mili\u0107: Lumi (2016)<\/strong>, performans<\/a><\/p>\n<div class=\"weirddate\">nedelja, 25. 11. 2018<\/div>\n<p>ob 12.00, MSUM<br \/>\n<a href=\"http:\/\/www.cofestival.si\/2018\/dance-on-pass-on-dream-on-srecanje-partnerjev-in-predstavitev-rezultatov-projekta\/\"><strong>DANCE ON PASS ON DREAM ON<\/strong>, sre\u010danje partnerjev in predstavitev rezultatov projekta<\/a><\/p>\n<p>ob 18.00, \u0160panski borci<br \/>\n<a href=\"http:\/\/www.cofestival.si\/2018\/rabih-mroue-dance-on-ensemble-slon-elephant-2018-plesna-predstava\/\"><strong>Rabih Mrou\u00e9\/DANCE ON Ensemble: Slon (Elephant, 2018)<\/strong>, plesna predstava<\/a><br \/>\nsledila bo predstavitev preteklosti in prihodnosti ansambla DANCE ON<\/p>\n<p>ob 20.00, LGL, Oder pod zvezdami<br \/>\n<a href=\"http:\/\/www.cofestival.si\/2018\/lucinda-childs-zgodnja-dela-early-works-1963-1978\/\"><strong>Lucinda Childs: Zgodnja dela (Early Works 1963-1978)<\/strong><\/a><br \/>\nRekonstrukcija in izvedba: Ruth Childs s skupino<br \/>\n<a href=\"http:\/\/www.cofestival.si\/2018\/lucinda-childs-zgodnja-dela-early-works-1963-1978\/\"><strong>Razvedrilo (Pastime, 1963)<\/strong>, plesni solo,<\/a><br \/>\n<a href=\"http:\/\/www.cofestival.si\/2018\/lucinda-childs-zgodnja-dela-early-works-1963-1978\/\"><strong>Inkarnat (Carnation, 1964)<\/strong>, plesni solo,<\/a><br \/>\n<a href=\"http:\/\/www.cofestival.si\/2018\/lucinda-childs-zgodnja-dela-early-works-1963-1978\/\"><strong>Muzejski eksponat (Museum Piece, 1965)<\/strong>, plesni solo,<\/a><br \/>\n<a href=\"http:\/\/www.cofestival.si\/2018\/lucinda-childs-zgodnja-dela-early-works-1963-1978\/\"><strong>Bomba\u017eni preplet (Calico Mingling, 1973, re\u017e. Babette Mangolte)<\/strong>, plesni film,<\/a><br \/>\n<a href=\"http:\/\/www.cofestival.si\/2018\/lucinda-childs-zgodnja-dela-early-works-1963-1978\/\"><strong>Katema (1978, re\u017e. Eric Franck)<\/strong>, plesni film<\/a><\/p>\n<div class=\"weirddate\">ponedeljek, 26. 11. 2018<\/div>\n<p>ob 19.00, Kino \u0160i\u0161ka, Katedrala<br \/>\n<a href=\"http:\/\/www.cofestival.si\/2018\/gisela-muller-gebruder-teichmann-spet-jaz-vendar-ne-sama-me-again-but-not-alone-2018-plesno\/\"><strong>Gisela M\u00fcller in Gebr\u00fcder Teichmann: Spet jaz, vendar ne sama (Me Again, but Not Alone 2018)<\/strong>, plesno-glasbena predstava<\/a><\/p>\n<div class=\"weirddate\">torek, 27. 11. 2018<\/div>\n<p>ob 16.30, MSUM<br \/>\n<a href=\"http:\/\/www.cofestival.si\/2018\/rok-vevar-dan-noc-clovek-ritem-antologija-slovenske-sodobnoplesne-publicistike-1918-1960-day-night-man-rhythm-anhtology-of-slovenian-contemporary-dance-criticism-1918-1960\/\"><strong>Rok Vevar: Dan, no\u010d + \u010dlovek = ritem: Antologija slovenske sodobnoplesne publicistike 1918\u20131960 (Day, Night + Man = Rhythm: Anthology of Slovenian Contemporary Dance Criticism 1918-1960)<\/strong>, predstavitev knjige in pogovor<\/a><\/p>\n<p>ob 19.00, Stara mestna elektrarna \u2013 Elektro Ljubljana<br \/>\n<a href=\"http:\/\/www.cofestival.si\/2018\/anna-konjetzky-odkruski-chipping-2014-plesna-predstava\/\"><strong>Anna Konjetzky: Odkru\u0161ki (Chipping, 2014)<\/strong>, plesna predstava<\/a><\/p>\n<p>ob 21.00, \u0160panski borci<br \/>\n<a href=\"http:\/\/www.cofestival.si\/2018\/mala-kline-song-2018-premiera-plesne-predstave\/\"><strong>Mala Kline: SONG (2018)<\/strong>, premiera plesne predstave<\/a><\/p>\n<div class=\"weirddate\">sreda, 28. 11. 2018<\/div>\n<p>ob 20.00, Kino \u0160i\u0161ka, Katedrala<br \/>\n<a href=\"http:\/\/www.cofestival.si\/2018\/badco-spore-spores-2018-plesna-predstava\/\"><strong>BADco.: Spore (Spores, 2018)<\/strong>, plesna predstava<\/a><\/p>\n<div class=\"weirddate\">\u010detrtek, 29. 11. 2018<\/div>\n<p>ob 15.00, Aksioma<br \/>\n<a href=\"http:\/\/www.cofestival.si\/2018\/odgovornost-pogleda-responsibility-of-the-gaze-diskurzivni-forum-posvecen-hrvaskemu-sodobnoplesnemu-kolektivu-badco\/\"><strong>Odgovornost pogleda (Responsibility for Things Seen)<\/strong>, diskurzivni forum, posve\u010den hrva\u0161kemu sodobnoplesnemu kolektivu BADco.<\/a><\/p>\n<p>ob 19.00, Slovensko mladinsko gledali\u0161\u010de, spodnja dvorana<br \/>\n<a href=\"http:\/\/www.cofestival.si\/2018\/ana-vujanovic-marta-popivoda-slovensko-mladinsko-gledalisce-narodna-sprava-krajine-svobode-national-reconciliation-freedom-landscapes-2018-prva-postavitev-koreografsko-kinematografske-insta\/\"><strong>Ana Vujanovi\u0107 in Marta Popivoda \/ Slovensko mladinsko gledali\u0161\u010de: Narodna sprava: Krajine svobode (National Reconciliation: Freedom Landscapes, 2018)<\/strong>, prva postavitev koreografsko-kinematografske instalacije &#8211; RAZPRODANO<\/a><\/p>\n<\/div>\n<\/div>\n<\/div>","protected":false},"excerpt":{"rendered":"<p>sobota, 17. 11. 2018 ob 16.00 \u2013 18.00, Zagreb, Hi\u0161a Vjekoslava Rihterja: BADco.: Izkop (The Foundation Pit, 2018), predstava\/razstava ob 21.30 Zagreb, HNK: BADco.: Poprave ritma (Correcting Rhythm, 2017), plesno-gledali\u0161ka predstava petek, 23. 11. 2018 ob 20.00, Kino \u0160i\u0161ka, Katedrala \u2013 otvoritev CoFestivala Christos Papadopoulos: Opus (2016), plesna predstava ob 22.00, Kino \u0160i\u0161ka, Komuna Ana [&hellip;]<\/p>\n","protected":false},"author":1,"featured_media":0,"parent":0,"menu_order":0,"comment_status":"closed","ping_status":"closed","template":"page-program.php","meta":{"footnotes":""},"class_list":["post-1216","page","type-page","status-publish","hentry"],"_links":{"self":[{"href":"http:\/\/www.cofestival.si\/2018\/wp-json\/wp\/v2\/pages\/1216","targetHints":{"allow":["GET"]}}],"collection":[{"href":"http:\/\/www.cofestival.si\/2018\/wp-json\/wp\/v2\/pages"}],"about":[{"href":"http:\/\/www.cofestival.si\/2018\/wp-json\/wp\/v2\/types\/page"}],"author":[{"embeddable":true,"href":"http:\/\/www.cofestival.si\/2018\/wp-json\/wp\/v2\/users\/1"}],"replies":[{"embeddable":true,"href":"http:\/\/www.cofestival.si\/2018\/wp-json\/wp\/v2\/comments?post=1216"}],"version-history":[{"count":0,"href":"http:\/\/www.cofestival.si\/2018\/wp-json\/wp\/v2\/pages\/1216\/revisions"}],"wp:attachment":[{"href":"http:\/\/www.cofestival.si\/2018\/wp-json\/wp\/v2\/media?parent=1216"}],"curies":[{"name":"wp","href":"https:\/\/api.w.org\/{rel}","templated":true}]}}