{"id":1216,"date":"2015-10-22T16:40:06","date_gmt":"2015-10-22T16:40:06","guid":{"rendered":"http:\/\/www.cofestival.si\/cofestival-2\/?page_id=1216"},"modified":"2018-11-02T16:14:10","modified_gmt":"2018-11-02T16:14:10","slug":"program-nov","status":"publish","type":"page","link":"http:\/\/www.cofestival.si\/2017\/en\/program-nov\/","title":{"rendered":"Program 2017"},"content":{"rendered":"<div class=\"row\">\n<div class=\"span2\">\n<div class=\"weirddate\">12.9.2017 (20:00)<\/div>\n<\/div>\n<div class=\"span6 offset1\">\n<div class=\"name\"><a href=\"http:\/\/www.cofestival.si\/2017\/chorus\/\">\u017digan Krajn\u010dan, Ga\u0161per Kun\u0161ek, Jan Krmelj: Chorus, premiere<\/a><\/div>\n<div class=\"where\">Kino \u0160i\u0161ka &#8211; Katedrala Hall<\/div>\n<\/div>\n<\/div>\n<div class=\"row\">\n<div class=\"span2\">\n<div class=\"weirddate\">16.9.2017-24.9.2017 (19:00)<\/div>\n<\/div>\n<div class=\"span6 offset1\">\n<div class=\"name\"><a href=\"http:\/\/www.cofestival.si\/2017\/bojana-cvejic-lennart-laberenz-vojna-yvonne-raineryvonne-rainers-war\/\">Bojana Cveji\u0107, Lennart Laberenz: Yvonne Rainer&#8217;s WAR<\/a><\/div>\n<div class=\"where\">Kino \u0160i\u0161ka &#8211; upper lobby<\/div>\n<\/div>\n<\/div>\n<div class=\"row\">\n<div class=\"span2\">\n<div class=\"weirddate\">16.9.2017 (20:00)<\/div>\n<\/div>\n<div class=\"span6 offset1\">\n<div class=\"name\"><a href=\"http:\/\/www.cofestival.si\/2017\/doris-uhlich-bum-teles-boom-bodies-2016\/\">Doris Uhlich: Boom Bodies &#8211; festival opening<\/a><\/div>\n<div class=\"where\">Kino \u0160i\u0161ka &#8211; Katedrala Hall<\/div>\n<\/div>\n<\/div>\n<div class=\"row\">\n<div class=\"span2\">\n<div class=\"weirddate\">17.9.2017 (20:00)<\/div>\n<\/div>\n<div class=\"span6 offset1\">\n<div class=\"name\"><a href=\"http:\/\/www.cofestival.si\/2017\/christos-papadopoulos-elvedon-elvedon-2016\/\">Christos Papadopoulos: Elvedon, performance<\/a><\/div>\n<div class=\"where\">Kino \u0160i\u0161ka &#8211; Katedrala Hall<\/div>\n<\/div>\n<\/div>\n<div class=\"row\">\n<div class=\"span2\">\n<div class=\"weirddate\">17.9.2017 (after Elvedon)<\/div>\n<\/div>\n<div class=\"span6 offset1\">\n<div class=\"name\"><a href=\"http:\/\/www.cofestival.si\/2017\/sic-pogovor-druzbena-koreografija\/\">Sic!, discussion: Social choreography<\/a><\/div>\n<div class=\"where\">Kino \u0160i\u0161ka &#8211; Katedrala Hally<\/div>\n<\/div>\n<\/div>\n<div class=\"row\">\n<div class=\"span2\">\n<div class=\"weirddate\">18.9.2017 (20:00)<\/div>\n<\/div>\n<div class=\"span6 offset1\">\n<div class=\"name\"><a href=\"http:\/\/www.cofestival.si\/2017\/martin-nachbar-ponavljavec-plesna-predstava-z-ocetom-repeater-%E2%88%92-tanzstuck-mit-vater-2007\/\">Martin Nachbar: Repeater \u2013 A Dance Performance with Father, performance<\/a><\/div>\n<div class=\"where\">Kino \u0160i\u0161ka &#8211; Katedrala Hall<\/div>\n<\/div>\n<\/div>\n<div class=\"row\">\n<div class=\"span2\">\n<div class=\"weirddate\">19.9.2017 (10:00-14:00)<\/div>\n<\/div>\n<div class=\"span6 offset1\">\n<div class=\"name\"><a href=\"http:\/\/www.cofestival.si\/2017\/konferenca-ples-na-razlicnih-straneh-casa\/\">Dance on the Various Sides of Time, conference<\/a><\/div>\n<div class=\"where\">Vodnik Homestead<\/div>\n<\/div>\n<\/div>\n<div class=\"row\">\n<div class=\"span2\">\n<div class=\"weirddate\">19.9.2017 (20:00)<\/div>\n<\/div>\n<div class=\"span6 offset1\">\n<div class=\"name\"><a href=\"http:\/\/www.cofestival.si\/2017\/barbara-matijevic-giuseppe-chico-zlivanje-forecasting-2012\/\">Barbara Matijevi\u0107 &amp; Giuseppe Chico: Forecasting, performance<\/a><\/div>\n<div class=\"where\">Mladinsko Theatre<\/div>\n<\/div>\n<\/div>\n<div class=\"row\">\n<div class=\"span2\">\n<div class=\"weirddate\">19.9.2017 (21:30)<\/div>\n<\/div>\n<div class=\"span6 offset1\">\n<div class=\"name\"><a href=\"http:\/\/www.cofestival.si\/2017\/jefta-van-dinther-v-sodelovanju-z-minno-tiikkainen-in-davidom-kiersom-drobir-grind-2011\/\">Jefta van Dinther in cooperation with Minna Tiikkainen and David Kiers: Grind, performance<\/a><\/div>\n<div class=\"where\">The Old Power Plant<\/div>\n<\/div>\n<\/div>\n<div class=\"row\">\n<div class=\"span2\">\n<div class=\"weirddate\">20.9.2017 (19:00)<\/div>\n<\/div>\n<div class=\"span6 offset1\">\n<div class=\"name\"><a href=\"http:\/\/www.cofestival.si\/2017\/samuel-lefeuvre-monoples-monolog-2012\/\">Samuel Lefeuvre: monoLOG, performance<\/a><\/div>\n<div class=\"where\">Kino \u0160i\u0161ka &#8211; Katedrala Hall<\/div>\n<\/div>\n<\/div>\n<div class=\"row\">\n<div class=\"span2\">\n<div class=\"weirddate\">20.9.2017 (19:30)<\/div>\n<\/div>\n<div class=\"span6 offset1\">\n<div class=\"name\"><a href=\"http:\/\/www.cofestival.si\/2017\/3607-2\/\">Willi Dorner: One, performance<\/a><\/div>\n<div class=\"where\">Kino \u0160i\u0161ka &#8211; Komuna Hall<\/div>\n<\/div>\n<\/div>\n<div class=\"row\">\n<div class=\"span2\">\n<div class=\"weirddate\">20.9.2017 (21:00)<\/div>\n<\/div>\n<div class=\"span6 offset1\">\n<div class=\"name\"><a href=\"http:\/\/www.cofestival.si\/2017\/rodrigo-sobarzo-de-larraechea-a-p-n-e-a-a-p-n-e-a-2013\/\">Rodrigo Sobarzo de Larraechea: A P N E A, performance<\/a><\/div>\n<div class=\"where\">Kino \u0160i\u0161ka &#8211; Katedrala Hall<\/div>\n<\/div>\n<\/div>\n<div class=\"row\">\n<div class=\"span2\">\n<div class=\"weirddate\">20.9.2017 (after A P N E A)<\/div>\n<\/div>\n<div class=\"span6 offset1\">\n<div class=\"name\"><a href=\"http:\/\/www.cofestival.si\/2017\/sic-pogovor-razstavljanje-pogleda\/\">Sic!, discussion: Disassembling the view<\/a><\/div>\n<div class=\"where\">Kino \u0160i\u0161ka &#8211; Katedrala Hall<\/div>\n<\/div>\n<\/div>\n<div class=\"row\">\n<div class=\"span2\">\n<div class=\"weirddate\">21.9.2017 (14:00-18:00)<\/div>\n<\/div>\n<div class=\"span6 offset1\">\n<div class=\"name\"><a href=\"http:\/\/www.cofestival.si\/2017\/andreja-rauch-podrzavnik-trajanje-minevanje-lastings-passings-2016\/\">Andreja Rauch Podrzavnik: Lastings \u2013 Passings, open atelier<\/a><\/div>\n<div class=\"where\">Modern Gallery &#8211; Auditorium<\/div>\n<\/div>\n<\/div>\n<div class=\"row\">\n<div class=\"span2\">\n<div class=\"weirddate\">21.9.2017 (18:30)<\/div>\n<\/div>\n<div class=\"span6 offset1\">\n<div class=\"name\"><a href=\"http:\/\/www.cofestival.si\/2017\/mateja-bucar-urbani-zarisi-urban-notes-2009%E2%88%922017\/\">Mateja Bu\u010dar: Urban Notes, urban choreography around the city<\/a><\/div>\n<div class=\"where\">final destination Kino \u0160i\u0161ka<\/div>\n<\/div>\n<\/div>\n<div class=\"row\">\n<div class=\"span2\">\n<div class=\"weirddate\">21.9.2017 (19:00)<\/div>\n<\/div>\n<div class=\"span6 offset1\">\n<div class=\"name\"><a href=\"http:\/\/www.cofestival.si\/2017\/andrea-bozic-po-triu-a-after-trio-a-2010\/\">Andrea Bo\u017ei\u0107: After Trio A, performance<\/a><\/div>\n<div class=\"where\">Kino \u0160i\u0161ka &#8211; Katedrala Hall<\/div>\n<\/div>\n<\/div>\n<div class=\"row\">\n<div class=\"span2\">\n<div class=\"weirddate\">21.9.2017 (20:30)<\/div>\n<\/div>\n<div class=\"span6 offset1\">\n<div class=\"name\"><a href=\"http:\/\/www.cofestival.si\/2017\/jack-walsh-christine-murray-obcutki-so-dejstva-zivljenje-yvonne-rainer-feelings-are-facts-the-life-of-yvonne-rainer-2015-dokumentarni-film\/\">Jack Walsh, Christine Murray: Feelings Are Facts \u2013 The Life of Yvonne Rainer, documentary film<\/a><\/div>\n<div class=\"where\">Kino \u0160i\u0161ka &#8211; Katedrala Hall<\/div>\n<\/div>\n<\/div>\n<div class=\"row\">\n<div class=\"span2\">\n<div class=\"weirddate\">22.-23.9.2017 (16:00-18:00), 24.9.2017 (13:00-15:00)<\/div>\n<\/div>\n<div class=\"span6 offset1\">\n<div class=\"name\"><a href=\"http:\/\/www.cofestival.si\/2017\/jana-jevtovic-in-celina-larrerovic-koreografija-baby-slava-materinstvu-choreography-baby-hail-mammary-2017\/\">Jana Jevtovi\u0107 and C\u00e9lina Larr\u00e8rovi\u0107: Chor\u00e9graphie, BABY ! Episode 6 \/ HAIL MAMMARY, performance<\/a><\/div>\n<div class=\"where\">Project Space DUM<\/div>\n<\/div>\n<\/div>\n<div class=\"row\">\n<div class=\"span2\">\n<div class=\"weirddate\">22.9.2017 (16:30)<\/div>\n<\/div>\n<div class=\"span6 offset1\">\n<div class=\"name\"><a href=\"http:\/\/www.cofestival.si\/2017\/sic-pogovor-tehnoloski-spoji\/\">Sic!, discussion: Technological joints<\/a><\/div>\n<div class=\"where\">Modern Gallery<\/div>\n<\/div>\n<\/div>\n<div class=\"row\">\n<div class=\"span2\">\n<div class=\"weirddate\">22.9.2017 (18:00-20:00)<\/div>\n<\/div>\n<div class=\"span6 offset1\">\n<div class=\"name\"><a href=\"http:\/\/www.cofestival.si\/2017\/andreja-rauch-podrzavnik-trajanje-minevanje-lastings-passings-2016-2\/\">Andreja Rauch Podrzavnik: Lastings \u2013 Passings, gallery performance<\/a><\/div>\n<div class=\"where\">Modern Gallery &#8211; auditorium<\/div>\n<\/div>\n<\/div>\n<div class=\"row\">\n<div class=\"span2\">\n<div class=\"weirddate\">23.9.2017 (18:00)<\/div>\n<\/div>\n<div class=\"span6 offset1\">\n<div class=\"name\"><a href=\"http:\/\/www.cofestival.si\/2017\/en\/zavod-maska-in-nda-slovenija-predstavitev-posebne-izdaje-casopisa-maska-o-arhiviranju-sodobnega-plesa-na-balkanu\/\">Maska Institute and NDA Slovenia present a special issue of the MASKA magazine on archiving contemporary dance in the Balkans<\/a><\/div>\n<div class=\"where\">Kino \u0160i\u0161ka &#8211; Kamera Gallery<\/div>\n<\/div>\n<\/div>\n<div class=\"row\">\n<div class=\"span2\">\n<div class=\"weirddate\">23.9.2017 (20:00)<\/div>\n<\/div>\n<div class=\"span6 offset1\">\n<div class=\"name\"><a href=\"http:\/\/www.cofestival.si\/2017\/bacaci-sjenki-shadow-casters-bitka-na-neretvi-a-battle-on-the-neretva-river-2016\/\">Shadow Casters: A Battle on the Neretva River, performance<\/a><\/div>\n<div class=\"where\">Kino \u0160i\u0161ka &#8211; Komuna Hall<\/div>\n<\/div>\n<\/div>\n<div class=\"row\">\n<div class=\"span2\">\n<div class=\"weirddate\">24.9.2017 (20:00)<\/div>\n<\/div>\n<div class=\"span6 offset1\">\n<div class=\"name\"><a href=\"http:\/\/www.cofestival.si\/2017\/magdalena-chowaniec-zatocisce-sanctuary-2014\/\">Magdalena Chowaniec: Sanctuary, performance<\/a><\/div>\n<div class=\"where\">Kino \u0160i\u0161ka &#8211; Katedrala Hall and Komuna Hall<\/div>\n<\/div>\n<\/div>","protected":false},"excerpt":{"rendered":"<p>12.9.2017 (20:00) \u017digan Krajn\u010dan, Ga\u0161per Kun\u0161ek, Jan Krmelj: Chorus, premiere Kino \u0160i\u0161ka &#8211; Katedrala Hall 16.9.2017-24.9.2017 (19:00) Bojana Cveji\u0107, Lennart Laberenz: Yvonne Rainer&#8217;s WAR Kino \u0160i\u0161ka &#8211; upper lobby 16.9.2017 (20:00) Doris Uhlich: Boom Bodies &#8211; festival opening Kino \u0160i\u0161ka &#8211; Katedrala Hall 17.9.2017 (20:00) Christos Papadopoulos: Elvedon, performance Kino \u0160i\u0161ka &#8211; Katedrala Hall 17.9.2017 [&hellip;]<\/p>\n","protected":false},"author":1,"featured_media":0,"parent":0,"menu_order":0,"comment_status":"closed","ping_status":"closed","template":"page-program.php","meta":{"footnotes":""},"class_list":["post-1216","page","type-page","status-publish","hentry"],"_links":{"self":[{"href":"http:\/\/www.cofestival.si\/2017\/en\/wp-json\/wp\/v2\/pages\/1216","targetHints":{"allow":["GET"]}}],"collection":[{"href":"http:\/\/www.cofestival.si\/2017\/en\/wp-json\/wp\/v2\/pages"}],"about":[{"href":"http:\/\/www.cofestival.si\/2017\/en\/wp-json\/wp\/v2\/types\/page"}],"author":[{"embeddable":true,"href":"http:\/\/www.cofestival.si\/2017\/en\/wp-json\/wp\/v2\/users\/1"}],"replies":[{"embeddable":true,"href":"http:\/\/www.cofestival.si\/2017\/en\/wp-json\/wp\/v2\/comments?post=1216"}],"version-history":[{"count":0,"href":"http:\/\/www.cofestival.si\/2017\/en\/wp-json\/wp\/v2\/pages\/1216\/revisions"}],"wp:attachment":[{"href":"http:\/\/www.cofestival.si\/2017\/en\/wp-json\/wp\/v2\/media?parent=1216"}],"curies":[{"name":"wp","href":"https:\/\/api.w.org\/{rel}","templated":true}]}}