{"id":21,"date":"2013-06-03T16:56:29","date_gmt":"2013-06-03T16:56:29","guid":{"rendered":"http:\/\/cofestival.si\/cofestival-2\/?page_id=21"},"modified":"2016-11-18T09:04:54","modified_gmt":"2016-11-18T09:04:54","slug":"o-festivalu","status":"publish","type":"page","link":"http:\/\/www.cofestival.si\/2016\/o-festivalu\/","title":{"rendered":"O CoFestivalu"},"content":{"rendered":"<strong><em>CoFestival 2016 \u00a0\u2013 m<\/em><\/strong><strong><em>ednarodni festival sodobnega plesa<\/em><\/strong><\/p>\n<p><em><strong>Ljubljana, 25. 11.\u20134. 12. 2016<\/strong><\/em><\/p>\n<p>Leto\u0161nji CoFestival \u2212 mednarodni festival sodobnega plesa \u2013 predstavlja serijo vrhunskih tujih in doma\u010dih sodobnoplesnih del in dogodkov, ki se na razli\u010dne na\u010dine ukvarjajo z vpra\u0161anji kolektivnosti in individualnosti ter njunimi simptomi na prepustni meji med javnim in zasebnim, da bi tako prevpra\u0161ali potenciale novih dru\u017ebenih kohezivnosti. Program festivala so ustvarili interesi in ambicije njegovega umetni\u0161kega odbora, ki ga zanimajo sodobni pristopi h koreografskim praksam in na\u010dini, kako komunicirajo z javnostjo in ob\u010dinstvi. Program festivala je \u2212 tako kot vselej doslej \u2212 ustvarjen kolektivno, konsenzualno, zastavljen je problemsko.<\/p>\n<p>CoFestival je nastal iz sklepnih produkcij pod skupnim naslovom <em>Kratki rezi<\/em> (<em>Short Cuts<\/em>) izobra\u017eevalnega cikla <em>Nomad Dance Academy<\/em>, ki je potekal med letoma 2008 in 2010 v Ljubljani. Ker so \u017ee zadnji kratki rezi spontano pre\u0161li v obliko raz\u0161irjenega mednarodnega festivalskega programa, smo se leta 2011 odlo\u010dili za festival <em>Pleskavica<\/em>, na katerem smo v dvorani in drugih prostorih Dija\u0161kega doma Tabor gostili 36 tujih umetnikov in strokovnjakov, ki delujejo na podro\u010dju sodobnih koreografskih praks. S <em>Pleskavico 2011<\/em> smo iniciirali izvirno, participatorno in inkluzivno obliko festivalskega programa in koreografskega dela na robu drasti\u010dnih finan\u010dnih rezov za kulturo. Leta 2012 smo morali zato povezati ve\u010d festivalov in mednarodnih programov, ki smo jih ustvarjali ali v njih sodelovali na sodobnoplesnem podro\u010dju: <em>Pleskavico <\/em>(Fi\u010dobalet in NDA Slovenija), <em>Ukrep, festival plesnih perspektiv<\/em> (PTL z Roko Vevarjem, Sinjo O\u017ebolt in \u017divo Brecelj), aktivnost mre\u017ee EDN z evropskim projektom <em>Modul Dance<\/em> (Kino \u0160i\u0161ka z Goranom Bogdanovskim, Mitjem Bravharjem in Simonom Kardumom) in aktivnost regijske mre\u017ee <em>Nomad Dance Academy<\/em> (Dragana Alfirevi\u0107, Dejan Srhoj, Goran Bogdanovski, Jasmina Zalo\u017enik in Rok Vevar). Nastal je CoFestival, ki je v letih od 2012 do 2014 do\u017eivljal blago rast in spremembe in se leta 2015 skonsolidiral v trenutno edini resni mednarodni sodobnoplesni festival pri nas. Vsebinsko in finan\u010dno smo v teh letih naredili programski in produkcijski \u010dude\u017e.<\/p>\n<p>Leto\u0161nji festivalski <strong><a href=\"http:\/\/www.cofestival.si\/2016\/program-nov\/\" target=\"_blank\">program<\/a><\/strong> smo sestavili tik pred objavo rezultatov dr\u017eavnega financiranja. Takrat je postalo jasno, da se je sodobni ples v Sloveniji zna\u0161el v najmra\u010dnej\u0161em letu, odkar imamo samostojno dr\u017eavo. Stanje pri nas namre\u010d meji na javni izbris te umetni\u0161ke prakse. Podro\u010dje sodobnega plesa v Sloveniji je postalo brutalno segregirano zaradi odsotnosti strokovnih kriterijev, zaradi odsotnosti, ki v resnici odlo\u010da o pravici do dela. Za na\u0161e ustvarjalno podro\u010dje bo to imelo dolgoro\u010dne posledice. To moramo vedeti. Umetni\u0161ka ekipa CoFestivala s programsko usmeritvijo in delom vztraja pri strate\u0161ki krepitvi podro\u010dja, in tako kanimo ravnati tudi v prihodnje. Na\u0161e taktike se utegnejo tudi nekolikanj zaostriti.<\/p>\n<p><a href=\"http:\/\/www.cofestival.si\/2016\/wp-content\/uploads\/sites\/8\/2016\/11\/cofestival-2016-fb-cover-01.jpg\"><img loading=\"lazy\" decoding=\"async\" class=\"alignnone size-full wp-image-2391\" src=\"http:\/\/www.cofestival.si\/2016\/wp-content\/uploads\/sites\/8\/2016\/11\/cofestival-2016-fb-cover-01.jpg\" sizes=\"auto, (max-width: 851px) 100vw, 851px\" srcset=\"http:\/\/www.cofestival.si\/2016\/wp-content\/uploads\/sites\/8\/2016\/11\/cofestival-2016-fb-cover-01.jpg 851w, http:\/\/www.cofestival.si\/2016\/wp-content\/uploads\/sites\/8\/2016\/11\/cofestival-2016-fb-cover-01-300x111.jpg 300w, http:\/\/www.cofestival.si\/2016\/wp-content\/uploads\/sites\/8\/2016\/11\/cofestival-2016-fb-cover-01-768x284.jpg 768w\" alt=\"cofestival-2016-fb-cover-01\" width=\"851\" height=\"315\" \/><\/a><\/p>\n<p><a href=\"http:\/\/www.cofestival.si\/2016\/program-nov\/\" target=\"_blank\"><strong>Leto\u0161nji CoFestival<\/strong><\/a> prina\u0161a koreografsko masovko <strong><em>Kolektivni poskoki<\/em><\/strong> uveljavljene nem\u0161ke koreografinje Isabelle Schad, v kateri koreografinja prevpra\u0161uje emancipatorne potenciale mno\u0161tvenega plesnega telesa. Tradicionalne obrazce plesnih kolektivov pod optiko korporativne ekonomske eksploatacije z antropolo\u0161kim pristopom koreografsko razi\u0161\u010deta Amanda Pi\u00f1a in Daniel Zimmerman v predstavi <strong><em>Ples in upor <\/em><\/strong>iz serije <em>Ogro\u017eena \u010dlove\u0161ka gibanja<\/em>. Z vidiki kolektivnosti in estetike se na razli\u010dne na\u010dine ukvarjata predstavi Gorana Bogdanovskega <strong><em>2:0<\/em><\/strong>, ki pomeni vrnitev k razseljenemu baletno-nogometnemu kolektivu iz leta 2000, s katerim je koreograf v ljubljanski operi predstavil svojo sodobno baletno uspe\u0161nico <em>1:0<\/em>, ter \u0161panskega plesalca in koreografa Alberta Quesade, ki se v <strong><em>Solu na Bacha in Glenna<\/em><\/strong> ukvarja s koreografsko proceduralnostjo, s katero je koreografovo instanco v novej\u0161i plesni zgodovini nadomestila egalitarna raba plesnih partitur in s tem de-hierarhizirala koreografsko polje plesnega modernizma. Z vidiki telesnega nasilja v sodobni dru\u017ebi se ukvarja predstava mladih nem\u0161kih umetnikov Verene Billinger in Sebastiana Schultza <strong><em>Nasilni dogodek<\/em><\/strong>, v kateri se oblike sodobne spektakularne telesne brutalnosti analizirajo v razli\u010dnih oblikah mediatizacije, flamsko- portugalski duet <strong><em>\u0160e vedno te prena\u0161am<\/em><\/strong> Pietera Ampeja in Guilherma Garrida pa razstavlja nasilnost mo\u0161kega prijateljstva v okviru heteronormativnosti. Performans doma\u010de umetnice Bare Kolenc z naslovom <em><strong>Retorika \u2212 Zasebne misli<\/strong><\/em> problematizira institucijo sodstva in pravne retorike v razmerju do odmerjene retori\u010dne funkcije, ki je znotraj sodnega aparata dodeljena posamezniku, predstava <strong><em>Samo moje<\/em><\/strong> srbskih plesalcev, performerjev in koreografov Igorja Koruge in Ane Dubljevi\u0107 pa se na pretresljiv na\u010din ukvarja z oblikami sodobne psihopatologije ter hkrati zastavlja vpra\u0161anje, ali izstop iz privatnega razre\u0161evanja sistemskih protislovij lahko privede do nove dru\u017ebene konsolidacije.<\/p>\n<p>Predstava <strong><em>Pribli\u017eevanja #5<\/em><\/strong> nem\u0161ko-srbskega tandema Martina Sonderkampa in Darka Dragi\u010devi\u0107a nam razodene, da dru\u017ebenega in politi\u010dnega prostora ali prostora emancipacije ni mogo\u010de razumeti brez temeljnega razumevanja posebnosti fenomenolo\u0161kih \u2013 materialnih dinamik (individualnih ali mno\u0161tvenih) teles v odnosu do kraja in njegove utilitarnosti (prostora), solo Roberte Milevoj z naslovom <strong><em>Spet Roberta<\/em><\/strong> pa si s tanko\u010dutno plesno ekspresivnostjo zastavi vpra\u0161anje, ali je med naravnim in umetnim prostorom ob eskapizmu mo\u017ena \u0161e kak\u0161na sprava in stik.<\/p>\n<p>Spremljevalni program se bo ukvarjal z raz\u0161irjenimi pogledi na pojem koreografskega, plesnega in kulturnega dela ter s \u010dasovnimi (zgodovinskimi) telesnimi in umetni\u0161kimi sledmi. Zgodovinske plesne kontekste in skupnosti bosta naslavljala razstava <strong><em>Ksenija Hribar: med britanskim in slovenskim sodobno plesnim kontekstom<\/em><\/strong> ter strokovno sre\u010danje <strong><em>Arhiviranje koreografskih praks<\/em><\/strong> v okviru programa Nomad Dance Institute. Z razli\u010dnimi fenomeni akumulacij \u010dasa v telesih se bomo ukvarjali z Martinom Sonderkampom in Darkom Dragi\u010devi\u0107em na delavnici <strong><em>Podalj\u0161evanja #1<\/em><\/strong>, ob filmu Michaela Maurissensa <strong><em>Telo kot arhiv<\/em><\/strong> in v pogovoru s plesnim dramaturgom Guyom Coolsom na predstavitvi njegove nove knjige <strong><em>Imaginative Bodies<\/em><\/strong>. Nina Bo\u017ei\u010d Yams in Dejan Srhoj bosta na delavnici <strong><em>Uporaba koreografskih orodij v organizacijskem kontekstu<\/em><\/strong> sodobni ples sku\u0161ala raz\u0161iriti na druga polja dru\u017ebenih dejavnosti, vsi skupaj pa se bomo na predstavitvi knjige Franca Berardija Bifa z naslovom <strong><em>Kognitarci in semiokapital<\/em><\/strong>, ki bo kmalu iz\u0161la pri Zavodu Maska, s Katjo \u010ci\u010digoj poukvarjali s pere\u010dim vpra\u0161anjem prekarnega dela.<\/p>\n<p>Pred nami je torej 5. izdaja z imenom <em>CoFestival <\/em>in 9. izdaja na\u0161ega skupnega dela. <em>CoFestival,<\/em> mednarodni festival sodobnega plesa, razumemo kot koreografsko manifestacijo aktivnega dr\u017eavljanstva in umetni\u0161ko konsolidacijo razlik, ki terjajo dogovarjanje, argumentiranje, pogajanje o na\u010dinih sobivanja in vsakokratni posluh za drugega. Izhajamo iz raz\u0161irjenega pojmovanja koreografskih praks kot specifi\u010dnega umetni\u0161kega delovanja in \u0161irokega naziranja koreografskega in plesnega dela, ki ni povezano zgolj s proizvodnjo odrskih del, ampak tudi z na\u010dini produktivnosti in predvsem ustvarjalnosti, ki ne te\u017eijo izklju\u010dno k ustaljenim oblikam kulturnega produkta in se obi\u010dajno odvijajo izven javnega, \u010detudi odlo\u010dilno vplivajo na na\u010dine dela in mi\u0161ljenja plesa in koreografije. Za nas je izjemno pomembno procesno, kontinuirano, dolgoro\u010dno in poglobljeno delo na podro\u010dju koreografskih praks in njihove kulture, pa tudi na \u0161ir\u0161em podro\u010dju kulturne produkcije. In tak\u0161no delo \u0161e posebej podpiramo. Zavedamo se doma\u010de erozije kulturnega in koreografskega konteksta, ki na\u010denja ustvarjalne procese predvsem zaradi negotovih dostopov do finan\u010dnih virov in drasti\u010dnih zaostritev pre\u017eivetvenih modalitet umetnikov in ustvarjalcev. \u010ce je sodobni kapitalizem v svoji prete\u017eni meri podvr\u017een produkciji subjektivitet, kar posledi\u010dno pomeni tudi proizvodnjo individualnosti in imunitarnih strategij posameznih izoliranih entitet (posameznikov ali skupnosti), se mu v okviru <em>CoFestivala <\/em>upiramo s spodbujanjem intersubjektivnosti, druga\u010dnih odnosov, ki jih razumemo kot predpogoj za formiranje (umetni\u0161ke, kulturne) skupnosti, mi\u0161ljenja skupnega in na\u010dinov sobivanja. Na\u0161e skupno delo je polno pogajanj, nesoglasij, argumentacij in upravljanja razlik, a vse to razumemo kot proces svojega skupnega in individualnega zorenja in u\u010denja. V tem vidimo izzive in u\u017eitke. \u010cas, ki je povezan z na\u0161im skupnim delom, hkrati razumemo tudi v zgodovinskem smislu: kot proces razrednega boja, v katerem se je ob ostalih kulturnih in umetni\u0161kih spremembah mo\u010dno spreminjal tudi sodobni ples in koreografske prakse, zato je njihovo ume\u0161\u010danje v \u0161ir\u0161i zgodovinski kontekst nekaj, s \u010dimer \u017eelimo nadaljevati. \u017delimo si, da bi se na\u0161i gledalci zavedali, da je v ples naseljen obse\u017een \u010das zgodovine.<\/p>\n<p>\u017delimo vam obilo u\u017eitkov ob ogledu predstav, veliko smiselnih vpra\u0161anj, ki se bodo ob tem porodila, na filmskih projekcijah, diskusijskih dogodkih, predavanjih in delavnicah bi vas radi videli v \u010dim ve\u010djem \u0161tevilu, zatorej: podru\u017eite se z nami in sobivajte z na\u0161im <em>CoFestivalom<\/em>.<\/p>\n<p>Za solidarnost, \u010dlove\u0161kost in medsebojno ljubezen!<\/p>\n<p>Ekipa CoFestivala","protected":false},"excerpt":{"rendered":"<p>CoFestival 2016 \u00a0\u2013 mednarodni festival sodobnega plesa Ljubljana, 25. 11.\u20134. 12. 2016 Leto\u0161nji CoFestival \u2212 mednarodni festival sodobnega plesa \u2013 predstavlja serijo vrhunskih tujih in doma\u010dih sodobnoplesnih del in dogodkov, ki se na razli\u010dne na\u010dine ukvarjajo z vpra\u0161anji kolektivnosti in individualnosti ter njunimi simptomi na prepustni meji med javnim in zasebnim, da bi tako prevpra\u0161ali [&hellip;]<\/p>\n","protected":false},"author":1,"featured_media":0,"parent":0,"menu_order":4,"comment_status":"open","ping_status":"open","template":"","meta":{"footnotes":""},"class_list":["post-21","page","type-page","status-publish","hentry"],"_links":{"self":[{"href":"http:\/\/www.cofestival.si\/2016\/wp-json\/wp\/v2\/pages\/21","targetHints":{"allow":["GET"]}}],"collection":[{"href":"http:\/\/www.cofestival.si\/2016\/wp-json\/wp\/v2\/pages"}],"about":[{"href":"http:\/\/www.cofestival.si\/2016\/wp-json\/wp\/v2\/types\/page"}],"author":[{"embeddable":true,"href":"http:\/\/www.cofestival.si\/2016\/wp-json\/wp\/v2\/users\/1"}],"replies":[{"embeddable":true,"href":"http:\/\/www.cofestival.si\/2016\/wp-json\/wp\/v2\/comments?post=21"}],"version-history":[{"count":0,"href":"http:\/\/www.cofestival.si\/2016\/wp-json\/wp\/v2\/pages\/21\/revisions"}],"wp:attachment":[{"href":"http:\/\/www.cofestival.si\/2016\/wp-json\/wp\/v2\/media?parent=21"}],"curies":[{"name":"wp","href":"https:\/\/api.w.org\/{rel}","templated":true}]}}