{"id":249,"date":"2013-06-11T19:03:21","date_gmt":"2013-06-11T19:03:21","guid":{"rendered":"http:\/\/www.cofestival.si\/2014\/?page_id=249"},"modified":"2014-10-26T19:41:51","modified_gmt":"2014-10-26T19:41:51","slug":"pleskavica","status":"publish","type":"page","link":"http:\/\/www.cofestival.si\/2014\/o-festivalu\/pleskavica\/","title":{"rendered":"Pleskavica"},"content":{"rendered":"<strong>PLESKAVICA<\/strong><\/p>\n<p>Pleskavica je sodobnoplesni festival. V \u010d\u008detrti ediciji nadgrajuje in poglablja vzpostavljene premise, ki jih je postavila leta 2011, hkrati pa iz eksperimentalnega premika akcent na procesnost in njegovo navezavo na izobra\u017eevanje.<\/p>\n<p>Izhodi\u0161\u010d\u008de Pleskavice 2011 je bilo preizpra\u0161ati ustaljene festivalske formate in mo\u017enosti njegove rekonceptualizacije v njegovi \u010d\u008disti potencialnosti. Umetni\u0161ki vodje festivala, v sestavi Dragane Alfirevi\u010d\u0087, Dejana Srhoja in Jasmine Zalo\u017enik, so druga\u010d\u008den festivalski koncept formirali ve\u010d\u008d mesecev. Pleskavica je tako postala bolj simbolna perspektiva kot materialen kulturni produkt; vpogled v na\u010d\u008din, kako smo dandanes vajeni delati umetnost in tako v sredi\u0161\u010d\u008de postavili procesnost v vsej njeni pestrosti. Ustvarili smo odprt prostor za kreacijo in izmenjavo, v katero je v devetih festivalskih dnevih vstopilo okoli 30 ustvarjalcev (plesalcev, koreografov, teoretikov, dramaturgov, kritikov) iz doma\u010d\u008dega in mednarodnega prostora. Pleskavica se je diseminirala v razli\u010d\u008dne ustvarjalne formate, med katerimi so nekateri \u017ee za\u017eiveli, medtem ko se drugi \u0161ele premi\u0161ljujejo. Nekateri za\u010d\u008drtani programski premisleki so rezultirali v partnerskih festivalih NOMAD Dance Academy, na festivalih Kondenz (Beograd), LocoMotion (Skopje) in Antistatic (Sofia). Skozi mre\u017eo Jardin d\u201c\u0080\u0099Europe pa se znanja in spoznanja diseminirajo tudi k partnerskim organizacijam iz Belgije, \u0160vedske, Izraela, Romunije in Mad\u017earske.<\/p>\n<p>Osrednje zna\u010d\u008dilnosti Pleskavice 2011 smo ozna\u010d\u008dili s slede\u010d\u008dimi pojmi: odprtost, procesualnost, eksperimentalnost, nehierarhi\u010d\u008dnost, odgovornost, skupno odlo\u010d\u008danje, kolektivno kuratorstvo in kolektivno avtorstvo.<\/p>\n<p>Pleskavica 2012 in 2013 sokreira CoFestival kot njen vezni \u010d\u008dlen in kot prostor sre\u010d\u008devanj in pretoka ljudi, idej in projektov.<\/p>\n<p><a href=\"www.ficobalet.org\/pleskavica2011.htm\">www.ficobalet.org\/pleskavica2011.htm<\/a>","protected":false},"excerpt":{"rendered":"<p>PLESKAVICA Pleskavica je sodobnoplesni festival. V \u010d\u008detrti ediciji nadgrajuje in poglablja vzpostavljene premise, ki jih je postavila leta 2011, hkrati pa iz eksperimentalnega premika akcent na procesnost in njegovo navezavo na izobra\u017eevanje. Izhodi\u0161\u010d\u008de Pleskavice 2011 je bilo preizpra\u0161ati ustaljene festivalske formate in mo\u017enosti njegove rekonceptualizacije v njegovi \u010d\u008disti potencialnosti. Umetni\u0161ki vodje festivala, v sestavi Dragane [&hellip;]<\/p>\n","protected":false},"author":1,"featured_media":0,"parent":21,"menu_order":0,"comment_status":"open","ping_status":"open","template":"","meta":{"footnotes":""},"class_list":["post-249","page","type-page","status-publish","hentry"],"_links":{"self":[{"href":"http:\/\/www.cofestival.si\/2014\/wp-json\/wp\/v2\/pages\/249","targetHints":{"allow":["GET"]}}],"collection":[{"href":"http:\/\/www.cofestival.si\/2014\/wp-json\/wp\/v2\/pages"}],"about":[{"href":"http:\/\/www.cofestival.si\/2014\/wp-json\/wp\/v2\/types\/page"}],"author":[{"embeddable":true,"href":"http:\/\/www.cofestival.si\/2014\/wp-json\/wp\/v2\/users\/1"}],"replies":[{"embeddable":true,"href":"http:\/\/www.cofestival.si\/2014\/wp-json\/wp\/v2\/comments?post=249"}],"version-history":[{"count":0,"href":"http:\/\/www.cofestival.si\/2014\/wp-json\/wp\/v2\/pages\/249\/revisions"}],"up":[{"embeddable":true,"href":"http:\/\/www.cofestival.si\/2014\/wp-json\/wp\/v2\/pages\/21"}],"wp:attachment":[{"href":"http:\/\/www.cofestival.si\/2014\/wp-json\/wp\/v2\/media?parent=249"}],"curies":[{"name":"wp","href":"https:\/\/api.w.org\/{rel}","templated":true}]}}