{"id":144,"date":"2012-05-07T22:44:11","date_gmt":"2012-05-07T21:44:11","guid":{"rendered":"http:\/\/www.cofestival.si\/?page_id=144"},"modified":"2012-05-28T23:05:42","modified_gmt":"2012-05-28T22:05:42","slug":"v-raziskovanju-inovativnega-misljenja","status":"publish","type":"page","link":"http:\/\/www.cofestival.si\/2012\/?page_id=144","title":{"rendered":"V raziskovanju inovativnega mi\u0161ljenja"},"content":{"rendered":"<p><a href=\"http:\/\/www.cofestival.si\/blog\/category\/raziskava\">raziskovalni <\/a>projekt:\u00a0sklop \u0161tirih <a href=\"http:\/\/www.cofestival.si\/blog\/category\/delavnica\">delavnic<\/a> z javno <a href=\"http:\/\/www.cofestival.si\/blog\/category\/predstavitev\">predstavitvijo<\/a> na koncu<br \/>\nNina Bo\u017ei\u010d, Dejan Srhoj<\/p>\n<p><a title=\"30.5.\" href=\"http:\/\/www.cofestival.si\/30-5\/\">30\/05\/2012<\/a><br \/>\n<a title=\"3.6.\" href=\"http:\/\/www.cofestival.si\/3-6\/\"> 03\/06\/2012<\/a><br \/>\n<a title=\"4.6.\" href=\"http:\/\/www.cofestival.si\/4-6\/\"> 04\/06\/2012<\/a><br \/>\n<a title=\"7.6.\" href=\"http:\/\/www.cofestival.si\/7-6\/\"> 07\/06\/2012<\/a><br \/>\nrazli\u010dni termini<\/p>\n<p><a title=\"Plesni teater Ljubljana\" href=\"http:\/\/www.cofestival.si\/plesni-teater-ljubljana\/\">Plesni Teater Ljubljana<\/a>, <a title=\"Kino \u0160i\u0161ka\" href=\"http:\/\/www.cofestival.si\/prostori\/kino-siska-2\/\">Kino \u0160i\u0161ka<\/a>, <a title=\"Prule \/ \u0160pica\" href=\"http:\/\/www.cofestival.si\/prule-spica\/\">\u0160pica na Prulah<\/a>, <a title=\"Center Premik\" href=\"http:\/\/www.cofestival.si\/center-premik\/\">Center Premik<\/a><\/p>\n<p>Nina in Dejan vabita vse, ki bi radi raziskali koncept inovativnega mi\u0161ljenja in izbolj\u0161ali lastno prakso, ne glede na to, \u010de izhajate iz umetnosti, poslovnega sveta, znanosti ali drugega podro\u010dja, da se jima pridru\u017eite na nizu ustvarjalnih delavnic, ki bodo temeljile na Nininem doktorskem raziskovalnem projektu in so zasnovane na podlagi kombinacije umetni\u0161kih in poslovnih na\u010del. Delavnice se bodo v okviru festivala Pleskavica odvijale na razli\u010dnih lokacijah po Ljubljani.<\/p>\n<p>Za ve\u010d informacij ter registracijo na delavnico se javite na nina.christmas@gmail.com<\/p>\n<p>Festival <a title=\"Pleskavica\" href=\"http:\/\/www.cofestival.si\/pleskavica\/\">Pleskavica<\/a><\/p>\n","protected":false},"excerpt":{"rendered":"<p>raziskovalni projekt:\u00a0sklop \u0161tirih delavnic z javno predstavitvijo na koncu Nina Bo\u017ei\u010d, Dejan Srhoj 30\/05\/2012 03\/06\/2012 04\/06\/2012 07\/06\/2012 razli\u010dni termini Plesni Teater Ljubljana, Kino \u0160i\u0161ka, \u0160pica na Prulah, Center Premik Nina in Dejan vabita vse, ki bi radi raziskali koncept inovativnega mi\u0161ljenja in izbolj\u0161ali lastno prakso, ne glede na to, \u010de izhajate iz umetnosti, poslovnega sveta, &hellip; <a href=\"http:\/\/www.cofestival.si\/2012\/?page_id=144\" class=\"more-link\">Continue reading <span class=\"screen-reader-text\">V raziskovanju inovativnega mi\u0161ljenja<\/span> <span class=\"meta-nav\">&rarr;<\/span><\/a><\/p>\n","protected":false},"author":1,"featured_media":0,"parent":0,"menu_order":0,"comment_status":"open","ping_status":"open","template":"","meta":{"footnotes":""},"class_list":["post-144","page","type-page","status-publish","hentry"],"_links":{"self":[{"href":"http:\/\/www.cofestival.si\/2012\/index.php?rest_route=\/wp\/v2\/pages\/144","targetHints":{"allow":["GET"]}}],"collection":[{"href":"http:\/\/www.cofestival.si\/2012\/index.php?rest_route=\/wp\/v2\/pages"}],"about":[{"href":"http:\/\/www.cofestival.si\/2012\/index.php?rest_route=\/wp\/v2\/types\/page"}],"author":[{"embeddable":true,"href":"http:\/\/www.cofestival.si\/2012\/index.php?rest_route=\/wp\/v2\/users\/1"}],"replies":[{"embeddable":true,"href":"http:\/\/www.cofestival.si\/2012\/index.php?rest_route=%2Fwp%2Fv2%2Fcomments&post=144"}],"version-history":[{"count":0,"href":"http:\/\/www.cofestival.si\/2012\/index.php?rest_route=\/wp\/v2\/pages\/144\/revisions"}],"wp:attachment":[{"href":"http:\/\/www.cofestival.si\/2012\/index.php?rest_route=%2Fwp%2Fv2%2Fmedia&parent=144"}],"curies":[{"name":"wp","href":"https:\/\/api.w.org\/{rel}","templated":true}]}}